{"id":1414,"date":"2026-03-24T09:56:55","date_gmt":"2026-03-24T08:56:55","guid":{"rendered":"https:\/\/facadeparisiennenormande.fr\/?page_id=1414"},"modified":"2026-03-24T11:29:48","modified_gmt":"2026-03-24T10:29:48","slug":"travaux-apres-sinistre","status":"publish","type":"page","link":"https:\/\/facadeparisiennenormande.fr\/?page_id=1414","title":{"rendered":"Travaux apr\u00e8s sinistre"},"content":{"rendered":"\t\t<div data-elementor-type=\"wp-page\" data-elementor-id=\"1414\" class=\"elementor elementor-1414\" data-elementor-post-type=\"page\">\n\t\t\t\t<div class=\"elementor-element elementor-element-d9eb303 e-flex e-con-boxed e-con e-parent\" data-id=\"d9eb303\" data-element_type=\"container\" data-settings=\"{&quot;background_background&quot;:&quot;classic&quot;}\">\n\t\t\t\t\t<div class=\"e-con-inner\">\n\t\t\t\t<div class=\"elementor-element elementor-element-10bc305 elementor-widget elementor-widget-heading\" data-id=\"10bc305\" data-element_type=\"widget\" data-widget_type=\"heading.default\">\n\t\t\t\t<div class=\"elementor-widget-container\">\n\t\t\t\t\t<h1 class=\"elementor-heading-title elementor-size-default\">Travaux apr\u00e8s sinistre<\/h1>\t\t\t\t<\/div>\n\t\t\t\t<\/div>\n\t\t\t\t\t<\/div>\n\t\t\t\t<\/div>\n\t\t<div class=\"elementor-element elementor-element-680c755 e-grid e-con-boxed e-con e-parent\" data-id=\"680c755\" data-element_type=\"container\">\n\t\t\t\t\t<div class=\"e-con-inner\">\n\t\t<div class=\"elementor-element elementor-element-a6d3c03 e-con-full e-flex e-con e-child\" data-id=\"a6d3c03\" data-element_type=\"container\">\n\t\t\t\t<div class=\"elementor-element elementor-element-7e6353c elementor-widget elementor-widget-heading\" data-id=\"7e6353c\" data-element_type=\"widget\" data-widget_type=\"heading.default\">\n\t\t\t\t<div class=\"elementor-widget-container\">\n\t\t\t\t\t<h3 class=\"elementor-heading-title elementor-size-default\">Pourquoi choisir cette prestation<\/h3>\t\t\t\t<\/div>\n\t\t\t\t<\/div>\n\t\t\t\t<div class=\"elementor-element elementor-element-bf0bf9a elementor-widget-divider--view-line elementor-widget elementor-widget-divider\" data-id=\"bf0bf9a\" data-element_type=\"widget\" data-widget_type=\"divider.default\">\n\t\t\t\t<div class=\"elementor-widget-container\">\n\t\t\t\t\t\t\t<div class=\"elementor-divider\">\n\t\t\t<span class=\"elementor-divider-separator\">\n\t\t\t\t\t\t<\/span>\n\t\t<\/div>\n\t\t\t\t\t\t<\/div>\n\t\t\t\t<\/div>\n\t\t\t\t<div class=\"elementor-element elementor-element-5c1ff97 elementor-widget elementor-widget-text-editor\" data-id=\"5c1ff97\" data-element_type=\"widget\" data-widget_type=\"text-editor.default\">\n\t\t\t\t<div class=\"elementor-widget-container\">\n\t\t\t\t\t\t\t\t\t<p style=\"font-weight: 400;\">Un sinistre a endommag\u00e9 votre fa\u00e7ade ? Fa\u00e7ade Parisienne Normande vous accompagne pour redonner \u00e0 votre bien toute sa solidit\u00e9 et son esth\u00e9tique.<\/p><p style=\"font-weight: 400;\">R\u00e9actifs et exp\u00e9riment\u00e9s, nous intervenons rapidement pour diagnostiquer les d\u00e9g\u00e2ts et proposer des solutions efficaces, durables et adapt\u00e9es \u00e0 votre situation.<\/p><p style=\"font-weight: 400;\">Intemp\u00e9ries, infiltrations, fissures, incendies ou chocs accidentels\u2026<\/p>\t\t\t\t\t\t\t\t<\/div>\n\t\t\t\t<\/div>\n\t\t\t\t<div class=\"elementor-element elementor-element-919a0f2 elementor-widget elementor-widget-button\" data-id=\"919a0f2\" data-element_type=\"widget\" data-widget_type=\"button.default\">\n\t\t\t\t<div class=\"elementor-widget-container\">\n\t\t\t\t\t\t\t\t\t<div class=\"elementor-button-wrapper\">\n\t\t\t\t\t<a class=\"elementor-button elementor-button-link elementor-size-sm\" href=\"https:\/\/facadeparisiennenormande.fr\/?page_id=1002\">\n\t\t\t\t\t\t<span class=\"elementor-button-content-wrapper\">\n\t\t\t\t\t\t\t\t\t<span class=\"elementor-button-text\">Contactez-nous<\/span>\n\t\t\t\t\t<\/span>\n\t\t\t\t\t<\/a>\n\t\t\t\t<\/div>\n\t\t\t\t\t\t\t\t<\/div>\n\t\t\t\t<\/div>\n\t\t\t\t<\/div>\n\t\t<div class=\"elementor-element elementor-element-82ef0a1 e-con-full e-flex e-con e-child\" data-id=\"82ef0a1\" data-element_type=\"container\">\n\t\t\t\t<div class=\"elementor-element elementor-element-71b0a6b elementor-widget elementor-widget-heading\" data-id=\"71b0a6b\" data-element_type=\"widget\" data-widget_type=\"heading.default\">\n\t\t\t\t<div class=\"elementor-widget-container\">\n\t\t\t\t\t<h2 class=\"elementor-heading-title elementor-size-default\">Nous prenons en charge l\u2019ensemble des travaux de remise en \u00e9tat <\/h2>\t\t\t\t<\/div>\n\t\t\t\t<\/div>\n\t\t<div class=\"elementor-element elementor-element-ffb87b3 e-con-full e-flex e-con e-child\" data-id=\"ffb87b3\" data-element_type=\"container\">\n\t\t\t\t<div class=\"elementor-element elementor-element-33bc734 elementor-view-default elementor-widget elementor-widget-icon\" data-id=\"33bc734\" data-element_type=\"widget\" data-widget_type=\"icon.default\">\n\t\t\t\t<div class=\"elementor-widget-container\">\n\t\t\t\t\t\t\t<div class=\"elementor-icon-wrapper\">\n\t\t\t<div class=\"elementor-icon\">\n\t\t\t<svg aria-hidden=\"true\" class=\"e-font-icon-svg e-far-check-circle\" viewBox=\"0 0 512 512\" xmlns=\"http:\/\/www.w3.org\/2000\/svg\"><path d=\"M256 8C119.033 8 8 119.033 8 256s111.033 248 248 248 248-111.033 248-248S392.967 8 256 8zm0 48c110.532 0 200 89.451 200 200 0 110.532-89.451 200-200 200-110.532 0-200-89.451-200-200 0-110.532 89.451-200 200-200m140.204 130.267l-22.536-22.718c-4.667-4.705-12.265-4.736-16.97-.068L215.346 303.697l-59.792-60.277c-4.667-4.705-12.265-4.736-16.97-.069l-22.719 22.536c-4.705 4.667-4.736 12.265-.068 16.971l90.781 91.516c4.667 4.705 12.265 4.736 16.97.068l172.589-171.204c4.704-4.668 4.734-12.266.067-16.971z\"><\/path><\/svg>\t\t\t<\/div>\n\t\t<\/div>\n\t\t\t\t\t\t<\/div>\n\t\t\t\t<\/div>\n\t\t\t\t<div class=\"elementor-element elementor-element-94de608 elementor-widget elementor-widget-text-editor\" data-id=\"94de608\" data-element_type=\"widget\" data-widget_type=\"text-editor.default\">\n\t\t\t\t<div class=\"elementor-widget-container\">\n\t\t\t\t\t\t\t\t\t<p>Restauration de fa\u00e7ades d\u00e9grad\u00e9es<\/p>\t\t\t\t\t\t\t\t<\/div>\n\t\t\t\t<\/div>\n\t\t\t\t<\/div>\n\t\t<div class=\"elementor-element elementor-element-026b531 e-con-full e-flex e-con e-child\" data-id=\"026b531\" data-element_type=\"container\">\n\t\t\t\t<div class=\"elementor-element elementor-element-2b60dc2 elementor-view-default elementor-widget elementor-widget-icon\" data-id=\"2b60dc2\" data-element_type=\"widget\" data-widget_type=\"icon.default\">\n\t\t\t\t<div class=\"elementor-widget-container\">\n\t\t\t\t\t\t\t<div class=\"elementor-icon-wrapper\">\n\t\t\t<div class=\"elementor-icon\">\n\t\t\t<svg aria-hidden=\"true\" class=\"e-font-icon-svg e-far-check-circle\" viewBox=\"0 0 512 512\" xmlns=\"http:\/\/www.w3.org\/2000\/svg\"><path d=\"M256 8C119.033 8 8 119.033 8 256s111.033 248 248 248 248-111.033 248-248S392.967 8 256 8zm0 48c110.532 0 200 89.451 200 200 0 110.532-89.451 200-200 200-110.532 0-200-89.451-200-200 0-110.532 89.451-200 200-200m140.204 130.267l-22.536-22.718c-4.667-4.705-12.265-4.736-16.97-.068L215.346 303.697l-59.792-60.277c-4.667-4.705-12.265-4.736-16.97-.069l-22.719 22.536c-4.705 4.667-4.736 12.265-.068 16.971l90.781 91.516c4.667 4.705 12.265 4.736 16.97.068l172.589-171.204c4.704-4.668 4.734-12.266.067-16.971z\"><\/path><\/svg>\t\t\t<\/div>\n\t\t<\/div>\n\t\t\t\t\t\t<\/div>\n\t\t\t\t<\/div>\n\t\t\t\t<div class=\"elementor-element elementor-element-4e2c215 elementor-widget elementor-widget-text-editor\" data-id=\"4e2c215\" data-element_type=\"widget\" data-widget_type=\"text-editor.default\">\n\t\t\t\t<div class=\"elementor-widget-container\">\n\t\t\t\t\t\t\t\t\t<p>R\u00e9paration des murs ext\u00e9rieurs endommag\u00e9s<\/p>\t\t\t\t\t\t\t\t<\/div>\n\t\t\t\t<\/div>\n\t\t\t\t<\/div>\n\t\t<div class=\"elementor-element elementor-element-7931b88 e-con-full e-flex e-con e-child\" data-id=\"7931b88\" data-element_type=\"container\">\n\t\t\t\t<div class=\"elementor-element elementor-element-94123de elementor-view-default elementor-widget elementor-widget-icon\" data-id=\"94123de\" data-element_type=\"widget\" data-widget_type=\"icon.default\">\n\t\t\t\t<div class=\"elementor-widget-container\">\n\t\t\t\t\t\t\t<div class=\"elementor-icon-wrapper\">\n\t\t\t<div class=\"elementor-icon\">\n\t\t\t<svg aria-hidden=\"true\" class=\"e-font-icon-svg e-far-check-circle\" viewBox=\"0 0 512 512\" xmlns=\"http:\/\/www.w3.org\/2000\/svg\"><path d=\"M256 8C119.033 8 8 119.033 8 256s111.033 248 248 248 248-111.033 248-248S392.967 8 256 8zm0 48c110.532 0 200 89.451 200 200 0 110.532-89.451 200-200 200-110.532 0-200-89.451-200-200 0-110.532 89.451-200 200-200m140.204 130.267l-22.536-22.718c-4.667-4.705-12.265-4.736-16.97-.068L215.346 303.697l-59.792-60.277c-4.667-4.705-12.265-4.736-16.97-.069l-22.719 22.536c-4.705 4.667-4.736 12.265-.068 16.971l90.781 91.516c4.667 4.705 12.265 4.736 16.97.068l172.589-171.204c4.704-4.668 4.734-12.266.067-16.971z\"><\/path><\/svg>\t\t\t<\/div>\n\t\t<\/div>\n\t\t\t\t\t\t<\/div>\n\t\t\t\t<\/div>\n\t\t\t\t<div class=\"elementor-element elementor-element-db8ee60 elementor-widget elementor-widget-text-editor\" data-id=\"db8ee60\" data-element_type=\"widget\" data-widget_type=\"text-editor.default\">\n\t\t\t\t<div class=\"elementor-widget-container\">\n\t\t\t\t\t\t\t\t\t<p>Traitement des infiltrations et de l\u2019humidit\u00e9<\/p>\t\t\t\t\t\t\t\t<\/div>\n\t\t\t\t<\/div>\n\t\t\t\t<\/div>\n\t\t<div class=\"elementor-element elementor-element-3af272c e-con-full e-flex e-con e-child\" data-id=\"3af272c\" data-element_type=\"container\">\n\t\t\t\t<div class=\"elementor-element elementor-element-6577c3a elementor-view-default elementor-widget elementor-widget-icon\" data-id=\"6577c3a\" data-element_type=\"widget\" data-widget_type=\"icon.default\">\n\t\t\t\t<div class=\"elementor-widget-container\">\n\t\t\t\t\t\t\t<div class=\"elementor-icon-wrapper\">\n\t\t\t<div class=\"elementor-icon\">\n\t\t\t<svg aria-hidden=\"true\" class=\"e-font-icon-svg e-far-check-circle\" viewBox=\"0 0 512 512\" xmlns=\"http:\/\/www.w3.org\/2000\/svg\"><path d=\"M256 8C119.033 8 8 119.033 8 256s111.033 248 248 248 248-111.033 248-248S392.967 8 256 8zm0 48c110.532 0 200 89.451 200 200 0 110.532-89.451 200-200 200-110.532 0-200-89.451-200-200 0-110.532 89.451-200 200-200m140.204 130.267l-22.536-22.718c-4.667-4.705-12.265-4.736-16.97-.068L215.346 303.697l-59.792-60.277c-4.667-4.705-12.265-4.736-16.97-.069l-22.719 22.536c-4.705 4.667-4.736 12.265-.068 16.971l90.781 91.516c4.667 4.705 12.265 4.736 16.97.068l172.589-171.204c4.704-4.668 4.734-12.266.067-16.971z\"><\/path><\/svg>\t\t\t<\/div>\n\t\t<\/div>\n\t\t\t\t\t\t<\/div>\n\t\t\t\t<\/div>\n\t\t\t\t<div class=\"elementor-element elementor-element-08db5a6 elementor-widget elementor-widget-text-editor\" data-id=\"08db5a6\" data-element_type=\"widget\" data-widget_type=\"text-editor.default\">\n\t\t\t\t<div class=\"elementor-widget-container\">\n\t\t\t\t\t\t\t\t\t<p>Reprise esth\u00e9tique pour un rendu impeccable<\/p>\t\t\t\t\t\t\t\t<\/div>\n\t\t\t\t<\/div>\n\t\t\t\t<\/div>\n\t\t\t\t<\/div>\n\t\t\t\t\t<\/div>\n\t\t\t\t<\/div>\n\t\t<div class=\"elementor-element elementor-element-d8fce44 e-flex e-con-boxed e-con e-parent\" data-id=\"d8fce44\" data-element_type=\"container\" data-settings=\"{&quot;background_background&quot;:&quot;classic&quot;}\">\n\t\t\t\t\t<div class=\"e-con-inner\">\n\t\t\t\t<div class=\"elementor-element elementor-element-b0e072b elementor-widget elementor-widget-heading\" data-id=\"b0e072b\" data-element_type=\"widget\" data-widget_type=\"heading.default\">\n\t\t\t\t<div class=\"elementor-widget-container\">\n\t\t\t\t\t<h2 class=\"elementor-heading-title elementor-size-default\">Avec Fa\u00e7ade Parisienne Normande<\/h2>\t\t\t\t<\/div>\n\t\t\t\t<\/div>\n\t\t\t\t<div class=\"elementor-element elementor-element-ec4d05f elementor-widget-divider--view-line elementor-widget elementor-widget-divider\" data-id=\"ec4d05f\" data-element_type=\"widget\" data-widget_type=\"divider.default\">\n\t\t\t\t<div class=\"elementor-widget-container\">\n\t\t\t\t\t\t\t<div class=\"elementor-divider\">\n\t\t\t<span class=\"elementor-divider-separator\">\n\t\t\t\t\t\t<\/span>\n\t\t<\/div>\n\t\t\t\t\t\t<\/div>\n\t\t\t\t<\/div>\n\t\t<div class=\"elementor-element elementor-element-a804c57 e-con-full e-grid e-con e-child\" data-id=\"a804c57\" data-element_type=\"container\">\n\t\t<div class=\"elementor-element elementor-element-2bffd5f e-con-full e-flex e-con e-child\" data-id=\"2bffd5f\" data-element_type=\"container\">\n\t\t<div class=\"elementor-element elementor-element-3a276e3 e-con-full e-flex e-con e-child\" data-id=\"3a276e3\" data-element_type=\"container\">\n\t\t\t\t<div class=\"elementor-element elementor-element-4347815 elementor-widget elementor-widget-heading\" data-id=\"4347815\" data-element_type=\"widget\" data-widget_type=\"heading.default\">\n\t\t\t\t<div class=\"elementor-widget-container\">\n\t\t\t\t\t<h2 class=\"elementor-heading-title elementor-size-default\">Vous b\u00e9n\u00e9ficiez :<\/h2>\t\t\t\t<\/div>\n\t\t\t\t<\/div>\n\t\t<div class=\"elementor-element elementor-element-ad985e7 e-con-full e-flex e-con e-child\" data-id=\"ad985e7\" data-element_type=\"container\">\n\t\t\t\t<div class=\"elementor-element elementor-element-1638c8e elementor-view-default elementor-widget elementor-widget-icon\" data-id=\"1638c8e\" data-element_type=\"widget\" data-widget_type=\"icon.default\">\n\t\t\t\t<div class=\"elementor-widget-container\">\n\t\t\t\t\t\t\t<div class=\"elementor-icon-wrapper\">\n\t\t\t<div class=\"elementor-icon\">\n\t\t\t<svg aria-hidden=\"true\" class=\"e-font-icon-svg e-fas-temperature-low\" viewBox=\"0 0 512 512\" xmlns=\"http:\/\/www.w3.org\/2000\/svg\"><path d=\"M416 0c-52.9 0-96 43.1-96 96s43.1 96 96 96 96-43.1 96-96-43.1-96-96-96zm0 128c-17.7 0-32-14.3-32-32s14.3-32 32-32 32 14.3 32 32-14.3 32-32 32zm-160-16C256 50.1 205.9 0 144 0S32 50.1 32 112v166.5C12.3 303.2 0 334 0 368c0 79.5 64.5 144 144 144s144-64.5 144-144c0-34-12.3-64.9-32-89.5V112zM144 448c-44.1 0-80-35.9-80-80 0-25.5 12.2-48.9 32-63.8V112c0-26.5 21.5-48 48-48s48 21.5 48 48v192.2c19.8 14.8 32 38.3 32 63.8 0 44.1-35.9 80-80 80zm16-125.1V304c0-8.8-7.2-16-16-16s-16 7.2-16 16v18.9c-18.6 6.6-32 24.2-32 45.1 0 26.5 21.5 48 48 48s48-21.5 48-48c0-20.9-13.4-38.5-32-45.1z\"><\/path><\/svg>\t\t\t<\/div>\n\t\t<\/div>\n\t\t\t\t\t\t<\/div>\n\t\t\t\t<\/div>\n\t\t\t\t<div class=\"elementor-element elementor-element-52caab1 elementor-widget elementor-widget-text-editor\" data-id=\"52caab1\" data-element_type=\"widget\" data-widget_type=\"text-editor.default\">\n\t\t\t\t<div class=\"elementor-widget-container\">\n\t\t\t\t\t\t\t\t\t<p>D&rsquo;un accompagnement personnalis\u00e9<\/p>\t\t\t\t\t\t\t\t<\/div>\n\t\t\t\t<\/div>\n\t\t\t\t<\/div>\n\t\t<div class=\"elementor-element elementor-element-333604e e-con-full e-flex e-con e-child\" data-id=\"333604e\" data-element_type=\"container\">\n\t\t\t\t<div class=\"elementor-element elementor-element-2850025 elementor-view-default elementor-widget elementor-widget-icon\" data-id=\"2850025\" data-element_type=\"widget\" data-widget_type=\"icon.default\">\n\t\t\t\t<div class=\"elementor-widget-container\">\n\t\t\t\t\t\t\t<div class=\"elementor-icon-wrapper\">\n\t\t\t<div class=\"elementor-icon\">\n\t\t\t<svg aria-hidden=\"true\" class=\"e-font-icon-svg e-fas-temperature-low\" viewBox=\"0 0 512 512\" xmlns=\"http:\/\/www.w3.org\/2000\/svg\"><path d=\"M416 0c-52.9 0-96 43.1-96 96s43.1 96 96 96 96-43.1 96-96-43.1-96-96-96zm0 128c-17.7 0-32-14.3-32-32s14.3-32 32-32 32 14.3 32 32-14.3 32-32 32zm-160-16C256 50.1 205.9 0 144 0S32 50.1 32 112v166.5C12.3 303.2 0 334 0 368c0 79.5 64.5 144 144 144s144-64.5 144-144c0-34-12.3-64.9-32-89.5V112zM144 448c-44.1 0-80-35.9-80-80 0-25.5 12.2-48.9 32-63.8V112c0-26.5 21.5-48 48-48s48 21.5 48 48v192.2c19.8 14.8 32 38.3 32 63.8 0 44.1-35.9 80-80 80zm16-125.1V304c0-8.8-7.2-16-16-16s-16 7.2-16 16v18.9c-18.6 6.6-32 24.2-32 45.1 0 26.5 21.5 48 48 48s48-21.5 48-48c0-20.9-13.4-38.5-32-45.1z\"><\/path><\/svg>\t\t\t<\/div>\n\t\t<\/div>\n\t\t\t\t\t\t<\/div>\n\t\t\t\t<\/div>\n\t\t\t\t<div class=\"elementor-element elementor-element-eee7631 elementor-widget elementor-widget-text-editor\" data-id=\"eee7631\" data-element_type=\"widget\" data-widget_type=\"text-editor.default\">\n\t\t\t\t<div class=\"elementor-widget-container\">\n\t\t\t\t\t\t\t\t\t<p>D&rsquo;une intervention rapide<\/p>\t\t\t\t\t\t\t\t<\/div>\n\t\t\t\t<\/div>\n\t\t\t\t<\/div>\n\t\t<div class=\"elementor-element elementor-element-9086109 e-con-full e-flex e-con e-child\" data-id=\"9086109\" data-element_type=\"container\">\n\t\t\t\t<div class=\"elementor-element elementor-element-dfb24cb elementor-view-default elementor-widget elementor-widget-icon\" data-id=\"dfb24cb\" data-element_type=\"widget\" data-widget_type=\"icon.default\">\n\t\t\t\t<div class=\"elementor-widget-container\">\n\t\t\t\t\t\t\t<div class=\"elementor-icon-wrapper\">\n\t\t\t<div class=\"elementor-icon\">\n\t\t\t<svg aria-hidden=\"true\" class=\"e-font-icon-svg e-fas-temperature-low\" viewBox=\"0 0 512 512\" xmlns=\"http:\/\/www.w3.org\/2000\/svg\"><path d=\"M416 0c-52.9 0-96 43.1-96 96s43.1 96 96 96 96-43.1 96-96-43.1-96-96-96zm0 128c-17.7 0-32-14.3-32-32s14.3-32 32-32 32 14.3 32 32-14.3 32-32 32zm-160-16C256 50.1 205.9 0 144 0S32 50.1 32 112v166.5C12.3 303.2 0 334 0 368c0 79.5 64.5 144 144 144s144-64.5 144-144c0-34-12.3-64.9-32-89.5V112zM144 448c-44.1 0-80-35.9-80-80 0-25.5 12.2-48.9 32-63.8V112c0-26.5 21.5-48 48-48s48 21.5 48 48v192.2c19.8 14.8 32 38.3 32 63.8 0 44.1-35.9 80-80 80zm16-125.1V304c0-8.8-7.2-16-16-16s-16 7.2-16 16v18.9c-18.6 6.6-32 24.2-32 45.1 0 26.5 21.5 48 48 48s48-21.5 48-48c0-20.9-13.4-38.5-32-45.1z\"><\/path><\/svg>\t\t\t<\/div>\n\t\t<\/div>\n\t\t\t\t\t\t<\/div>\n\t\t\t\t<\/div>\n\t\t\t\t<div class=\"elementor-element elementor-element-3981674 elementor-widget elementor-widget-text-editor\" data-id=\"3981674\" data-element_type=\"widget\" data-widget_type=\"text-editor.default\">\n\t\t\t\t<div class=\"elementor-widget-container\">\n\t\t\t\t\t\t\t\t\t<p>D&rsquo;un r\u00e9sultat durable et soign\u00e9<\/p>\t\t\t\t\t\t\t\t<\/div>\n\t\t\t\t<\/div>\n\t\t\t\t<\/div>\n\t\t\t\t<\/div>\n\t\t\t\t<\/div>\n\t\t<div class=\"elementor-element elementor-element-be71394 e-con-full e-flex e-con e-child\" data-id=\"be71394\" data-element_type=\"container\" data-settings=\"{&quot;background_background&quot;:&quot;classic&quot;}\">\n\t\t\t\t<\/div>\n\t\t\t\t<\/div>\n\t\t\t\t\t<\/div>\n\t\t\t\t<\/div>\n\t\t<div class=\"elementor-element elementor-element-b69ee2e e-con-full e-flex e-con e-parent\" data-id=\"b69ee2e\" data-element_type=\"container\" data-settings=\"{&quot;background_background&quot;:&quot;classic&quot;}\">\n\t\t\t\t<div class=\"elementor-element elementor-element-f059103 elementor-widget elementor-widget-heading\" data-id=\"f059103\" data-element_type=\"widget\" data-widget_type=\"heading.default\">\n\t\t\t\t<div class=\"elementor-widget-container\">\n\t\t\t\t\t<h2 class=\"elementor-heading-title elementor-size-default\">Confiez-nous la r\u00e9novation apr\u00e8s sinistre de votre fa\u00e7ade, et retrouvez un b\u00e2timent sain, s\u00e9curis\u00e9 et valoris\u00e9.<\/h2>\t\t\t\t<\/div>\n\t\t\t\t<\/div>\n\t\t\t\t<div class=\"elementor-element elementor-element-529d028 elementor-widget elementor-widget-text-editor\" data-id=\"529d028\" data-element_type=\"widget\" data-widget_type=\"text-editor.default\">\n\t\t\t\t<div class=\"elementor-widget-container\">\n\t\t\t\t\t\t\t\t\t<p>Contactez-nous d\u00e8s aujourd&rsquo;hui et obtenez un devis gratuit et personnalis\u00e9<\/p>\t\t\t\t\t\t\t\t<\/div>\n\t\t\t\t<\/div>\n\t\t\t\t<div class=\"elementor-element elementor-element-e3258a3 elementor-widget elementor-widget-button\" data-id=\"e3258a3\" data-element_type=\"widget\" data-widget_type=\"button.default\">\n\t\t\t\t<div class=\"elementor-widget-container\">\n\t\t\t\t\t\t\t\t\t<div class=\"elementor-button-wrapper\">\n\t\t\t\t\t<a class=\"elementor-button elementor-button-link elementor-size-sm\" href=\"https:\/\/facadeparisiennenormande.fr\/?page_id=1002\">\n\t\t\t\t\t\t<span class=\"elementor-button-content-wrapper\">\n\t\t\t\t\t\t\t\t\t<span class=\"elementor-button-text\">Contactez-nous<\/span>\n\t\t\t\t\t<\/span>\n\t\t\t\t\t<\/a>\n\t\t\t\t<\/div>\n\t\t\t\t\t\t\t\t<\/div>\n\t\t\t\t<\/div>\n\t\t\t\t<\/div>\n\t\t\t\t<\/div>\n\t\t","protected":false},"excerpt":{"rendered":"<p>Travaux apr\u00e8s sinistre Pourquoi choisir cette prestation Un sinistre a endommag\u00e9 votre fa\u00e7ade ? Fa\u00e7ade Parisienne Normande vous accompagne pour redonner \u00e0 votre bien toute sa solidit\u00e9 et son esth\u00e9tique. R\u00e9actifs et exp\u00e9riment\u00e9s, nous intervenons rapidement pour diagnostiquer les d\u00e9g\u00e2ts et proposer des solutions efficaces, durables et adapt\u00e9es \u00e0 votre situation. Intemp\u00e9ries, infiltrations, fissures, incendies [&hellip;]<\/p>\n","protected":false},"author":1,"featured_media":0,"parent":0,"menu_order":0,"comment_status":"closed","ping_status":"closed","template":"elementor_header_footer","meta":{"footnotes":""},"class_list":["post-1414","page","type-page","status-publish","hentry"],"_links":{"self":[{"href":"https:\/\/facadeparisiennenormande.fr\/index.php?rest_route=\/wp\/v2\/pages\/1414","targetHints":{"allow":["GET"]}}],"collection":[{"href":"https:\/\/facadeparisiennenormande.fr\/index.php?rest_route=\/wp\/v2\/pages"}],"about":[{"href":"https:\/\/facadeparisiennenormande.fr\/index.php?rest_route=\/wp\/v2\/types\/page"}],"author":[{"embeddable":true,"href":"https:\/\/facadeparisiennenormande.fr\/index.php?rest_route=\/wp\/v2\/users\/1"}],"replies":[{"embeddable":true,"href":"https:\/\/facadeparisiennenormande.fr\/index.php?rest_route=%2Fwp%2Fv2%2Fcomments&post=1414"}],"version-history":[{"count":4,"href":"https:\/\/facadeparisiennenormande.fr\/index.php?rest_route=\/wp\/v2\/pages\/1414\/revisions"}],"predecessor-version":[{"id":1423,"href":"https:\/\/facadeparisiennenormande.fr\/index.php?rest_route=\/wp\/v2\/pages\/1414\/revisions\/1423"}],"wp:attachment":[{"href":"https:\/\/facadeparisiennenormande.fr\/index.php?rest_route=%2Fwp%2Fv2%2Fmedia&parent=1414"}],"curies":[{"name":"wp","href":"https:\/\/api.w.org\/{rel}","templated":true}]}}